{"id":489,"date":"2021-04-28T21:42:11","date_gmt":"2021-04-28T19:42:11","guid":{"rendered":"https:\/\/www.takecareofyou.be\/liste-hopitaux-visites\/"},"modified":"2021-04-28T21:47:24","modified_gmt":"2021-04-28T19:47:24","slug":"lijst-met-bezochte-ziekenhuizen","status":"publish","type":"page","link":"https:\/\/www.takecareofyou.be\/nl\/lijst-met-bezochte-ziekenhuizen\/","title":{"rendered":"Lijst met bezochte ziekenhuizen"},"content":{"rendered":"<div class=\"flex_column av_one_full  flex_column_div av-zero-column-padding first  avia-builder-el-0  el_before_av_submenu  avia-builder-el-no-sibling  \" style='border-radius:0px; '><div  style='padding-bottom:10px; ' class='av-special-heading av-special-heading-h1  blockquote modern-quote modern-centered  avia-builder-el-1  avia-builder-el-no-sibling  '><h1 class='av-special-heading-tag '  itemprop=\"headline\"  >Lijst met ziekenhuizen die door onze partners zijn bezocht<\/h1><div class='special-heading-border'><div class='special-heading-inner-border' ><\/div><\/div><\/div><\/div><\/div><\/div><\/div><!-- close content main div --><\/div><\/div><div class='clear'><\/div><div id='sub_menu1'  class='av-submenu-container main_color  avia-builder-el-2  el_after_av_one_full  el_before_av_one_full  av-sticky-submenu  submenu-not-first container_wrap sidebar_right' style='  z-index:301' ><div class='container av-menu-mobile-disabled '><ul id='av-custom-submenu-1' class='av-subnav-menu av-submenu-pos-center'>\n<li class='menu-item menu-item-top-level av-menu-button av-menu-button-colored menu-item-top-level-1'><a href='#belgie' ><span class='avia-bullet'><\/span><span class='avia-menu-text'>In Belgi\u00eb<\/span><\/a><\/li>\n<li class='menu-item menu-item-top-level av-menu-button av-menu-button-colored menu-item-top-level-2'><a href='#luxemburg' ><span class='avia-bullet'><\/span><span class='avia-menu-text'>In Luxemburg<\/span><\/a><\/li>\n<\/ul><\/div><\/div><div class='sticky_placeholder'><\/div><div id='after_submenu'  class='main_color av_default_container_wrap container_wrap sidebar_right' style=' '  ><div class='container' ><div class='template-page content  av-content-small alpha units'><div class='post-entry post-entry-type-page post-entry-489'><div class='entry-content-wrapper clearfix'><\/p>\n<div class=\"flex_column av_one_full  flex_column_div first  avia-builder-el-3  el_after_av_submenu  el_before_av_one_third  avia-builder-el-first  \" style='padding:20px 0px 20px 0px ; border-radius:0px; ' id=\"belgie\" ><div  style='padding-bottom:10px; ' class='av-special-heading av-special-heading-h2  blockquote elegant-quote elegant-centered  avia-builder-el-4  avia-builder-el-no-sibling  '><h2 class='av-special-heading-tag '  itemprop=\"headline\"  ><span class=\"heading-wrap\">In Belgi\u00eb<\/span><\/h2><div class='special-heading-border'><div class='special-heading-inner-border' ><\/div><\/div><\/div><\/div><div class=\"flex_column av_one_third  flex_column_div av-zero-column-padding first  avia-builder-el-5  el_after_av_one_full  el_before_av_one_third  column-top-margin\" style='border-radius:0px; '><section class=\"av_textblock_section \"  itemscope=\"itemscope\" itemtype=\"https:\/\/schema.org\/CreativeWork\" ><div class='avia_textblock  '   itemprop=\"text\" ><p><strong>CHIREC<\/strong><br \/>\nRue Wayez 35, 1420 Braine-l\u2019Alleud<br \/>\n02 434 91 11<\/p>\n<p><strong>Centre Hospitalier R\u00e9gional de la Haute Senne<\/strong><br \/>\nChauss\u00e9e de Braine 49, 7060 Soignies<br \/>\n067 34 84 11<\/p>\n<p><strong>Clinique St-Pierre<\/strong><br \/>\nAvenue Reine Fabiola 9, 1340 Ottignies<br \/>\n010 43 72 11<\/p>\n<p><strong>Centre Hospitalier Tubize-Nivelles \u2013 Site Nivelles<\/strong><br \/>\nRue Samiette 1, 1400 Nivelles<br \/>\n067 88 52 11<\/p>\n<p><strong>H\u00f4pital de Jolimont<\/strong><br \/>\nRue Ferrer 159, 7100 La Louvi\u00e8re<br \/>\n064 23 30 11<\/p>\n<p><strong>Centre Hospitalier R\u00e9gional du Val de Sambre<\/strong><br \/>\nRue Ch\u00e8re Voie 75, 5060 Auvelais<br \/>\n071 26 52 11<\/p>\n<p><strong>C.H. Jolimont-Site Lobbes<\/strong><br \/>\nRue de la Station 25, 6540 Lobbes<br \/>\n071 59 92 11<\/p>\n<p><strong>Centre de Sant\u00e9 des Fagnes<\/strong><br \/>\nBoulevard Louise 18, 6460 Chimay<br \/>\n060 21 88 11<\/p>\n<p><strong>H\u00f4pital Civil Marie Curie<\/strong><br \/>\nChauss\u00e9e de Bruxelles 140, 6042 Charleroi<br \/>\n071 92 13 11<\/p>\n<\/div><\/section><\/div><\/p>\n<div class=\"flex_column av_one_third  flex_column_div av-zero-column-padding   avia-builder-el-7  el_after_av_one_third  el_before_av_one_third  column-top-margin\" style='border-radius:0px; '><section class=\"av_textblock_section \"  itemscope=\"itemscope\" itemtype=\"https:\/\/schema.org\/CreativeWork\" ><div class='avia_textblock  '   itemprop=\"text\" ><p><strong>Clinique Notre-Dame de Gr\u00e2ce<\/strong><br \/>\nChauss\u00e9e de Nivelles 212, 6041 Charleroi<br \/>\n071 37 90 00<\/p>\n<p><strong>Institut Jules Bordet<\/strong><br \/>\nBoulevard de Waterloo 121, 1000 Bruxelles<br \/>\n02 541 31 11<\/p>\n<p><strong>Cliniques universitaires Saint-Luc<\/strong><br \/>\nAvenue Hippocrate 10, 1200 Woluwe-Saint-Lambert<br \/>\n02 764 11 11<\/p>\n<p><strong>CHU Brugmann<\/strong><br \/>\nPlace A.Van Gehuchten 4, 1020 Bruxelles<br \/>\n02 477.21.11<\/p>\n<p><strong>Clinique Notre-Dame<\/strong><br \/>\nRue Edmond de S\u00e9lys-Longchamps 47, 4300 Waremme<br \/>\n019 33 94 11<\/p>\n<p><strong>CHU UCL Namur<\/strong><br \/>\nPlace Louise Godin 15, 5000 Namur<br \/>\n081 72 04 11<\/p>\n<p><strong>Clinique St-Luc<\/strong><br \/>\nRue Saint-Luc 8, 5004 Namur<br \/>\n081 20 91 11<\/p>\n<p><strong>Centre Hospitalier R\u00e9gional de Namur<\/strong><br \/>\nAvenue Albert Ier 185, 5000 Namur<br \/>\n081 72 61 11<\/p>\n<p><strong>CHU UCL Namur \u2013 Site de Godinne<\/strong><br \/>\nRue Dr Gaston Therasse 1, 5530 Yvoir<br \/>\n081 42 21 11<\/p>\n<\/div><\/section><\/div>\n<div class=\"flex_column av_one_third  flex_column_div av-zero-column-padding   avia-builder-el-9  el_after_av_one_third  el_before_av_one_full  column-top-margin\" style='border-radius:0px; '><section class=\"av_textblock_section \"  itemscope=\"itemscope\" itemtype=\"https:\/\/schema.org\/CreativeWork\" ><div class='avia_textblock  '   itemprop=\"text\" ><p><strong>Centre hospitalier Epicura<\/strong><br \/>\nRue Maria Thom\u00e9e 1, 7800 Ath<br \/>\n068\/26.21.11<\/p>\n<p><strong>Centre hospitalier de wallonie picarde \u2013 CHwapi ASBL<\/strong><br \/>\nAvenue delm\u00e9e 9, 7500 Tournai<br \/>\n069\/333111<\/p>\n<p><strong>CH Glorieux<\/strong><br \/>\nAvenue Glorieux 55, 9600 renaix<br \/>\n055\/233011<\/p>\n<p><strong>H\u00f4pital Andr\u00e9 V\u00e9sale<\/strong><br \/>\nRoute de goz\u00e9e706, 6110 Montigny le tilleul<br \/>\n071\/921511<br \/>\nClinique du sein 071\/922229<\/p>\n<p><strong>H\u00f4pital Vincent Van Gogh<\/strong><br \/>\nRue de l\u2019h\u00f4pital 55, 6030 Marchienne au pont<br \/>\n071\/921411<\/p>\n<p><strong>Clinique L\u00e9on Neuens<\/strong><br \/>\nRue du beau moulin 80, 6200 ch\u00e2telet<br \/>\n071\/921780<br \/>\nD\u00e9pistage du cancer : 071\/922226<\/p>\n<p><strong>H\u00f4pital L\u00e9onard de Vinci<\/strong><br \/>\nRue de goz\u00e9e 706, 6110 montigny-le-tilleul<br \/>\n071\/923873<\/p>\n<p><strong>Espace sant\u00e9 polyclinique du Mambourg<\/strong><br \/>\nBoulevard zo\u00e9 drion 1, 6000 charleroi<br \/>\n071\/925600<\/p>\n<\/div><\/section><\/div>\n<div class=\"flex_column av_one_full  flex_column_div first  avia-builder-el-11  el_after_av_one_third  el_before_av_one_half  column-top-margin\" style='padding:20px 0px 20px 0px ; border-radius:0px; ' id=\"luxemburg\" ><div  style='padding-bottom:10px; ' class='av-special-heading av-special-heading-h2  blockquote elegant-quote elegant-centered  avia-builder-el-12  avia-builder-el-no-sibling  '><h2 class='av-special-heading-tag '  itemprop=\"headline\"  ><span class=\"heading-wrap\">In Luxemburg<\/span><\/h2><div class='special-heading-border'><div class='special-heading-inner-border' ><\/div><\/div><\/div><\/div><div class=\"flex_column av_one_half  flex_column_div av-zero-column-padding first  avia-builder-el-13  el_after_av_one_full  el_before_av_one_half  column-top-margin\" style='border-radius:0px; '><section class=\"av_textblock_section \"  itemscope=\"itemscope\" itemtype=\"https:\/\/schema.org\/CreativeWork\" ><div class='avia_textblock  '   itemprop=\"text\" ><p><strong>CHL<\/strong><br \/>\n4 Rue Ernest Barbl\u00e9 L-1210 LUXEMBOURG<br \/>\n(00352) 44 11 11<\/p>\n<p><strong>Zithaklinik<\/strong><br \/>\n36 Rue Sainte Zithe L-2763 LUXEMBOURG<br \/>\n(00352)28 88 1<\/p>\n<\/div><\/section><\/div><\/p>\n<div class=\"flex_column av_one_half  flex_column_div av-zero-column-padding   avia-builder-el-15  el_after_av_one_half  avia-builder-el-last  column-top-margin\" style='border-radius:0px; '><section class=\"av_textblock_section \"  itemscope=\"itemscope\" itemtype=\"https:\/\/schema.org\/CreativeWork\" ><div class='avia_textblock  '   itemprop=\"text\" ><p><strong>H\u00f4pital Kirchberg<\/strong><br \/>\n9, rue Edward Steichen<br \/>\nL- 2540 Luxembourg \u2013 Kirchberg<br \/>\nT\u00e9l : +352 2468-1<\/p>\n<p><strong>Centre Hospitalier du Nord<\/strong><br \/>\n120, Avenue Salentiny<br \/>\nL-9080 Ettelbruck<br \/>\nT\u00e9l: +352 8166-1<\/p>\n<\/div><\/section><\/div>\n","protected":false},"excerpt":{"rendered":"","protected":false},"author":1,"featured_media":0,"parent":0,"menu_order":0,"comment_status":"closed","ping_status":"closed","template":"","meta":{"footnotes":""},"class_list":["post-489","page","type-page","status-publish","hentry"],"yoast_head":"<!-- This site is optimized with the Yoast SEO plugin v27.5 - https:\/\/yoast.com\/product\/yoast-seo-wordpress\/ -->\n<title>Lijst met bezochte ziekenhuizen - Take Care Of You<\/title>\n<meta name=\"robots\" content=\"index, follow, max-snippet:-1, max-image-preview:large, max-video-preview:-1\" \/>\n<link rel=\"canonical\" href=\"https:\/\/www.takecareofyou.be\/nl\/lijst-met-bezochte-ziekenhuizen\/\" \/>\n<meta property=\"og:locale\" content=\"nl_NL\" \/>\n<meta property=\"og:type\" content=\"article\" \/>\n<meta property=\"og:title\" content=\"Lijst met bezochte ziekenhuizen - Take Care Of You\" \/>\n<meta property=\"og:url\" content=\"https:\/\/www.takecareofyou.be\/nl\/lijst-met-bezochte-ziekenhuizen\/\" \/>\n<meta property=\"og:site_name\" content=\"Take Care Of You\" \/>\n<meta property=\"article:modified_time\" content=\"2021-04-28T19:47:24+00:00\" \/>\n<meta name=\"twitter:card\" content=\"summary_large_image\" \/>\n<meta name=\"twitter:label1\" content=\"Geschatte leestijd\" \/>\n\t<meta name=\"twitter:data1\" content=\"9 minuten\" \/>\n<script type=\"application\/ld+json\" class=\"yoast-schema-graph\">{\"@context\":\"https:\\\/\\\/schema.org\",\"@graph\":[{\"@type\":\"WebPage\",\"@id\":\"https:\\\/\\\/www.takecareofyou.be\\\/nl\\\/lijst-met-bezochte-ziekenhuizen\\\/\",\"url\":\"https:\\\/\\\/www.takecareofyou.be\\\/nl\\\/lijst-met-bezochte-ziekenhuizen\\\/\",\"name\":\"Lijst met bezochte ziekenhuizen - Take Care Of You\",\"isPartOf\":{\"@id\":\"https:\\\/\\\/www.takecareofyou.be\\\/nl\\\/#website\"},\"datePublished\":\"2021-04-28T19:42:11+00:00\",\"dateModified\":\"2021-04-28T19:47:24+00:00\",\"breadcrumb\":{\"@id\":\"https:\\\/\\\/www.takecareofyou.be\\\/nl\\\/lijst-met-bezochte-ziekenhuizen\\\/#breadcrumb\"},\"inLanguage\":\"nl-NL\",\"potentialAction\":[{\"@type\":\"ReadAction\",\"target\":[\"https:\\\/\\\/www.takecareofyou.be\\\/nl\\\/lijst-met-bezochte-ziekenhuizen\\\/\"]}]},{\"@type\":\"BreadcrumbList\",\"@id\":\"https:\\\/\\\/www.takecareofyou.be\\\/nl\\\/lijst-met-bezochte-ziekenhuizen\\\/#breadcrumb\",\"itemListElement\":[{\"@type\":\"ListItem\",\"position\":1,\"name\":\"Accueil\",\"item\":\"https:\\\/\\\/www.takecareofyou.be\\\/nl\\\/\"},{\"@type\":\"ListItem\",\"position\":2,\"name\":\"Lijst met bezochte ziekenhuizen\"}]},{\"@type\":\"WebSite\",\"@id\":\"https:\\\/\\\/www.takecareofyou.be\\\/nl\\\/#website\",\"url\":\"https:\\\/\\\/www.takecareofyou.be\\\/nl\\\/\",\"name\":\"Take Care Of You\",\"description\":\"Projet pour une belle cause\",\"potentialAction\":[{\"@type\":\"SearchAction\",\"target\":{\"@type\":\"EntryPoint\",\"urlTemplate\":\"https:\\\/\\\/www.takecareofyou.be\\\/nl\\\/?s={search_term_string}\"},\"query-input\":{\"@type\":\"PropertyValueSpecification\",\"valueRequired\":true,\"valueName\":\"search_term_string\"}}],\"inLanguage\":\"nl-NL\"}]}<\/script>\n<!-- \/ Yoast SEO plugin. -->","yoast_head_json":{"title":"Lijst met bezochte ziekenhuizen - Take Care Of You","robots":{"index":"index","follow":"follow","max-snippet":"max-snippet:-1","max-image-preview":"max-image-preview:large","max-video-preview":"max-video-preview:-1"},"canonical":"https:\/\/www.takecareofyou.be\/nl\/lijst-met-bezochte-ziekenhuizen\/","og_locale":"nl_NL","og_type":"article","og_title":"Lijst met bezochte ziekenhuizen - Take Care Of You","og_url":"https:\/\/www.takecareofyou.be\/nl\/lijst-met-bezochte-ziekenhuizen\/","og_site_name":"Take Care Of You","article_modified_time":"2021-04-28T19:47:24+00:00","twitter_card":"summary_large_image","twitter_misc":{"Geschatte leestijd":"9 minuten"},"schema":{"@context":"https:\/\/schema.org","@graph":[{"@type":"WebPage","@id":"https:\/\/www.takecareofyou.be\/nl\/lijst-met-bezochte-ziekenhuizen\/","url":"https:\/\/www.takecareofyou.be\/nl\/lijst-met-bezochte-ziekenhuizen\/","name":"Lijst met bezochte ziekenhuizen - Take Care Of You","isPartOf":{"@id":"https:\/\/www.takecareofyou.be\/nl\/#website"},"datePublished":"2021-04-28T19:42:11+00:00","dateModified":"2021-04-28T19:47:24+00:00","breadcrumb":{"@id":"https:\/\/www.takecareofyou.be\/nl\/lijst-met-bezochte-ziekenhuizen\/#breadcrumb"},"inLanguage":"nl-NL","potentialAction":[{"@type":"ReadAction","target":["https:\/\/www.takecareofyou.be\/nl\/lijst-met-bezochte-ziekenhuizen\/"]}]},{"@type":"BreadcrumbList","@id":"https:\/\/www.takecareofyou.be\/nl\/lijst-met-bezochte-ziekenhuizen\/#breadcrumb","itemListElement":[{"@type":"ListItem","position":1,"name":"Accueil","item":"https:\/\/www.takecareofyou.be\/nl\/"},{"@type":"ListItem","position":2,"name":"Lijst met bezochte ziekenhuizen"}]},{"@type":"WebSite","@id":"https:\/\/www.takecareofyou.be\/nl\/#website","url":"https:\/\/www.takecareofyou.be\/nl\/","name":"Take Care Of You","description":"Projet pour une belle cause","potentialAction":[{"@type":"SearchAction","target":{"@type":"EntryPoint","urlTemplate":"https:\/\/www.takecareofyou.be\/nl\/?s={search_term_string}"},"query-input":{"@type":"PropertyValueSpecification","valueRequired":true,"valueName":"search_term_string"}}],"inLanguage":"nl-NL"}]}},"_links":{"self":[{"href":"https:\/\/www.takecareofyou.be\/nl\/wp-json\/wp\/v2\/pages\/489","targetHints":{"allow":["GET"]}}],"collection":[{"href":"https:\/\/www.takecareofyou.be\/nl\/wp-json\/wp\/v2\/pages"}],"about":[{"href":"https:\/\/www.takecareofyou.be\/nl\/wp-json\/wp\/v2\/types\/page"}],"author":[{"embeddable":true,"href":"https:\/\/www.takecareofyou.be\/nl\/wp-json\/wp\/v2\/users\/1"}],"replies":[{"embeddable":true,"href":"https:\/\/www.takecareofyou.be\/nl\/wp-json\/wp\/v2\/comments?post=489"}],"version-history":[{"count":4,"href":"https:\/\/www.takecareofyou.be\/nl\/wp-json\/wp\/v2\/pages\/489\/revisions"}],"predecessor-version":[{"id":500,"href":"https:\/\/www.takecareofyou.be\/nl\/wp-json\/wp\/v2\/pages\/489\/revisions\/500"}],"wp:attachment":[{"href":"https:\/\/www.takecareofyou.be\/nl\/wp-json\/wp\/v2\/media?parent=489"}],"curies":[{"name":"wp","href":"https:\/\/api.w.org\/{rel}","templated":true}]}}